{"id":109,"date":"2013-10-31T10:58:02","date_gmt":"2013-10-31T09:58:02","guid":{"rendered":"http:\/\/www.stretchingemozionale.it\/?page_id=109"},"modified":"2013-10-31T11:16:16","modified_gmt":"2013-10-31T10:16:16","slug":"per-entrare-in-sintonia-con-la-quinta-stagione-o-tarda-estate","status":"publish","type":"page","link":"https:\/\/www.stretchingemozionale.it\/?page_id=109","title":{"rendered":"*Per entrare in sintonia con la Quinta Stagione o Tarda Estate*"},"content":{"rendered":"<p style=\"text-align: center;\"><strong>\u201cStretching Emozionale\u00ae\u201d<\/strong><br \/>\n<strong><\/strong><\/p>\n<p style=\"text-align: center;\"><strong>I Testi Cinesi recitano:<br \/>\n<\/strong><br \/>\n<strong><i style=\"mso-bidi-font-style: normal;\"><span style=\"font-size: 12pt; font-family: 'Times New Roman','serif';\">\u201c\u2026dove le cicale friniscono e le rane gracidano, dove tutto si ferma e tutto \u00e8 in fase di attesa, dove i frutti maturi emanano l\u2019odore dolciastro e fanno mostra di s\u00e9, cos\u00ec come i cereali a piena maturazione; dove l\u2019odore che prevale \u00e8 il dolce\u2026\u201d, una pausa prima dell\u2019arrivo dell\u2019Autunno.<\/span><\/i><\/strong><\/p>\n<p style=\"text-align: center;\"><span style=\"font-size: 12.0pt; font-family: 'Times New Roman','serif'; mso-fareast-font-family: 'Times New Roman'; mso-fareast-language: IT;\">Gli esercizi proposti per la \u201cQuinta Stagione\u201d lavoreranno su emozioni quali rimuginazione e proposito; appartengono al Movimento Terra (MTC) e riequilibrano l\u2019organo Milza ed il suo viscere Stomaco.<\/span><\/p>\n<p style=\"text-align: center;\"><a href=\"http:\/\/www.stretchingemozionale.it\/wp-content\/uploads\/2013\/10\/IMGP6036.jpg\"><img loading=\"lazy\" class=\"aligncenter size-large wp-image-110\" alt=\"IMGP6036\" src=\"http:\/\/www.stretchingemozionale.it\/wp-content\/uploads\/2013\/10\/IMGP6036-1024x680.jpg\" width=\"584\" height=\"387\" srcset=\"https:\/\/www.stretchingemozionale.it\/wp-content\/uploads\/2013\/10\/IMGP6036-1024x680.jpg 1024w, https:\/\/www.stretchingemozionale.it\/wp-content\/uploads\/2013\/10\/IMGP6036-300x199.jpg 300w, https:\/\/www.stretchingemozionale.it\/wp-content\/uploads\/2013\/10\/IMGP6036-451x300.jpg 451w\" sizes=\"(max-width: 584px) 100vw, 584px\" \/><\/a><strong><\/strong><\/p>\n<div class=\"text_exposed_show\">\n<p style=\"text-align: center;\"><strong>&#8220;SPERANZA&#8221; &#8230;ritrovo la speranza e la volont\u00e0 di reagire e di lottare&#8230;<\/strong><\/p>\n<p style=\"text-align: center;\"><em><strong>Quando tutto sembra finire e l&#8217;immagine \u00e8 pi\u00f9 oscura, quando la vita sembra avere perso il suo significato e non c&#8217;\u00e8 pi\u00f9 niente da fare, quando ci si sente accerchiati da forze superiori alle nostre, la &#8220;speranza&#8221; emerge come ultima risorsa per trovare un nuovo corso, alzare la testa, andare dritto e rinnovare gli sforzi per adempiere la missione assegnata dalla *Vita*.<\/strong><\/em><br \/>\n<em><strong> <a class=\"profileLink\" href=\"https:\/\/www.facebook.com\/victor.lopezdurand?directed_target_id=315456465215275\" data-hovercard=\"\/ajax\/hovercard\/user.php?id=100000108459829&amp;extragetparams=%7B%22directed_target_id%22%3A315456465215275%7D\">V\u00edctor L\u00f3pez Durand<\/a><\/strong><\/em><\/p>\n<p>Da: &#8220;Stretching Emozionale\u00ae&#8221; &#8211; Daniela Trentini &#8211; Casa Editrice Outdoor Italy Books &amp; Guides.<\/p>\n<\/div>\n","protected":false},"excerpt":{"rendered":"<p>\u201cStretching Emozionale\u00ae\u201d I Testi Cinesi recitano: \u201c\u2026dove le cicale friniscono e le rane gracidano, dove tutto si ferma e tutto \u00e8 in fase di attesa, dove i frutti maturi emanano l\u2019odore dolciastro e fanno mostra di s\u00e9, cos\u00ec come i cereali a piena maturazione; dove l\u2019odore che prevale \u00e8 il dolce\u2026\u201d, una pausa prima dell\u2019arrivo [&hellip;]<\/p>\n","protected":false},"author":2,"featured_media":0,"parent":0,"menu_order":0,"comment_status":"open","ping_status":"open","template":"","meta":[],"_links":{"self":[{"href":"https:\/\/www.stretchingemozionale.it\/index.php?rest_route=\/wp\/v2\/pages\/109"}],"collection":[{"href":"https:\/\/www.stretchingemozionale.it\/index.php?rest_route=\/wp\/v2\/pages"}],"about":[{"href":"https:\/\/www.stretchingemozionale.it\/index.php?rest_route=\/wp\/v2\/types\/page"}],"author":[{"embeddable":true,"href":"https:\/\/www.stretchingemozionale.it\/index.php?rest_route=\/wp\/v2\/users\/2"}],"replies":[{"embeddable":true,"href":"https:\/\/www.stretchingemozionale.it\/index.php?rest_route=%2Fwp%2Fv2%2Fcomments&post=109"}],"version-history":[{"count":5,"href":"https:\/\/www.stretchingemozionale.it\/index.php?rest_route=\/wp\/v2\/pages\/109\/revisions"}],"predecessor-version":[{"id":126,"href":"https:\/\/www.stretchingemozionale.it\/index.php?rest_route=\/wp\/v2\/pages\/109\/revisions\/126"}],"wp:attachment":[{"href":"https:\/\/www.stretchingemozionale.it\/index.php?rest_route=%2Fwp%2Fv2%2Fmedia&parent=109"}],"curies":[{"name":"wp","href":"https:\/\/api.w.org\/{rel}","templated":true}]}}